{"id":112,"date":"2024-06-15T21:57:11","date_gmt":"2024-06-15T21:57:11","guid":{"rendered":"https:\/\/alpenflocke.de\/?page_id=112"},"modified":"2026-02-04T08:39:20","modified_gmt":"2026-02-04T08:39:20","slug":"links","status":"publish","type":"page","link":"https:\/\/alpenflocke.de\/?page_id=112","title":{"rendered":"Links"},"content":{"rendered":"\n<p>Im Sommer\/Herbst 2026 bin ich unterwegs (siehe auch NEWS):<\/p>\n\n\n\n<p id=\"block-d2912c07-cc72-4ff9-86ae-a17116582981\">In Kooperation mit Silvertip: <\/p>\n\n\n\n<p><a href=\"https:\/\/www.kraftderberge.tirol\/wandern\/suedtirol-trentino-angi\/#toggle-id-1-closed\">Sterzing ins Trentino<\/a><\/p>\n\n\n\n<p><a href=\"https:\/\/www.kraftderberge.tirol\/wandern\/welterbe-dolomiten-erleben-angi\/#toggle-id-2-closed\">Dolomitenquerung<\/a><\/p>\n\n\n\n<p id=\"block-b216f08a-7c00-4019-bfa8-73bfb1fd0588\">ASI:<\/p>\n\n\n\n<p><a href=\"https:\/\/www.asi-reisen.de\/r\/demuc001?_gl=1*172cqq2*_up*MQ..*_ga*MTE0OTc5MzI2MS4xNzMyOTEwNjU3*_ga_43SKK5K94Z*MTczMjkxMDY1NS4xLjEuMTczMjkxMDY3NS4wLjAuMA..\">Alpen\u00fcberquerung Tegernsee &#8211; Sterzing<\/a><\/p>\n\n\n\n<p id=\"block-4d26e1a6-70c0-4c22-a6fb-f8093dafcbe1\">Und ich werde neue Touren erkunden, um diese mit euch n\u00e4chstes Jahr gehen zu k\u00f6nnen.<\/p>\n","protected":false},"excerpt":{"rendered":"<p>Im Sommer\/Herbst 2026 bin ich unterwegs (siehe auch NEWS): In Kooperation mit Silvertip: Sterzing ins Trentino Dolomitenquerung ASI: Alpen\u00fcberquerung Tegernsee &#8211; Sterzing Und ich werde neue Touren erkunden, um diese mit euch n\u00e4chstes Jahr gehen zu k\u00f6nnen.<\/p>\n<p> <a class=\"continue-reading-link\" href=\"https:\/\/alpenflocke.de\/?page_id=112\"><span>Continue reading<\/span><i class=\"crycon-right-dir\"><\/i><\/a> <\/p>\n","protected":false},"author":1,"featured_media":0,"parent":127,"menu_order":4,"comment_status":"closed","ping_status":"closed","template":"","meta":{"footnotes":""},"class_list":["post-112","page","type-page","status-publish","hentry"],"_links":{"self":[{"href":"https:\/\/alpenflocke.de\/index.php?rest_route=\/wp\/v2\/pages\/112","targetHints":{"allow":["GET"]}}],"collection":[{"href":"https:\/\/alpenflocke.de\/index.php?rest_route=\/wp\/v2\/pages"}],"about":[{"href":"https:\/\/alpenflocke.de\/index.php?rest_route=\/wp\/v2\/types\/page"}],"author":[{"embeddable":true,"href":"https:\/\/alpenflocke.de\/index.php?rest_route=\/wp\/v2\/users\/1"}],"replies":[{"embeddable":true,"href":"https:\/\/alpenflocke.de\/index.php?rest_route=%2Fwp%2Fv2%2Fcomments&post=112"}],"version-history":[{"count":4,"href":"https:\/\/alpenflocke.de\/index.php?rest_route=\/wp\/v2\/pages\/112\/revisions"}],"predecessor-version":[{"id":228,"href":"https:\/\/alpenflocke.de\/index.php?rest_route=\/wp\/v2\/pages\/112\/revisions\/228"}],"up":[{"embeddable":true,"href":"https:\/\/alpenflocke.de\/index.php?rest_route=\/wp\/v2\/pages\/127"}],"wp:attachment":[{"href":"https:\/\/alpenflocke.de\/index.php?rest_route=%2Fwp%2Fv2%2Fmedia&parent=112"}],"curies":[{"name":"wp","href":"https:\/\/api.w.org\/{rel}","templated":true}]}}