{"id":116,"date":"2024-06-15T21:51:16","date_gmt":"2024-06-15T21:51:16","guid":{"rendered":"https:\/\/alpenflocke.de\/?page_id=116"},"modified":"2024-06-15T22:12:42","modified_gmt":"2024-06-15T22:12:42","slug":"impressum","status":"publish","type":"page","link":"https:\/\/alpenflocke.de\/?page_id=116","title":{"rendered":"Impressum"},"content":{"rendered":"\n<p>Anschrift: Angela Grimm, 83435 Bad Reichenhall, Deutschland<\/p>\n\n\n\n<p>Verantwortlich: Angela Grimm<\/p>\n\n\n\n<p>Umsatzsteuer-IdentNr.:&nbsp;DE286983431<\/p>\n\n\n\n<p>Telefon: (+49) 176 98801229<\/p>\n\n\n\n<p>E-Mail: angela.grimm(at)alpenflocke.de<\/p>\n\n\n\n<p>Haftungshinweis: Trotz sorgf\u00e4ltiger inhaltlicher Kontrolle \u00fcbernehmen ich keine Haftung f\u00fcr die Inhalte externer Links. Da es nicht m\u00f6glich ist diese Webseiten kontinuierlich zu kontrollieren, bitten wir Sie um Hinweise falls es auf diesen zu Rechtsverletzungen kommen sollte. Ich werde dem sofort nachgehen und den Link gegebenenfalls entfernen. F\u00fcr den Inhalt der verlinkten Seiten sind ausschlie\u00dflich deren Betreiber verantwortlich. S\u00e4mtliche angebotenen Informationen d\u00fcrfen \u2013 auch auszugsweise \u2013 nur mit schriftlicher Genehmigung weiterverbreitet oder anderweitig ver\u00f6ffentlicht werden.<\/p>\n\n\n\n<p>Diese Website wurde mit gr\u00f6\u00dftm\u00f6glicher Sorgfalt zusammengestellt. Trotzdem kann keine Gew\u00e4hr f\u00fcr die Fehlerfreiheit und Genauigkeit der enthaltenen Informationen \u00fcbernommen werden. Jegliche Haftung f\u00fcr Sch\u00e4den, die direkt oder indirekt aus der Benutzung dieser Website entstehen, wird ausgeschlossen, soweit diese nicht auf Vorsatz oder grober Fahrl\u00e4ssigkeit beruhen.<\/p>\n\n\n\n<p>Das Suchsystem von alpenflocke.eu \/ alpenflocke.de darf nur zu pers\u00f6nlichen Zwecken verwendet werden. Es ist nicht gestattet, die abgerufenen Informationen online oder in anderen Medien weiterzuverbreiten oder kommerziell zu nutzen.<\/p>\n\n\n\n<p>Copyright: Alle Rechte vorbehalten. Text, Bilder und Grafiken sowie deren Anordnung auf dieser Website unterliegen dem Schutz des Urheberrechts und anderer Schutzgesetze. Der Inhalt dieser Website darf nicht zu kommerziellen Zwecken kopiert, verbreitet, ver\u00e4ndert oder Dritten zug\u00e4nglich gemacht werden. Wir weisen daraufhin, dass auf den Websites enthaltene Bilder und Texte teilweise dem Urheberrecht Dritter unterliegen.<\/p>\n\n\n\n<p>Alle Bilder habe ich selber aufgenommen oder sie wurden mir zur Verf\u00fcgung gestellt.<\/p>\n\n\n\n<p><em>All Picture were taken by me or provided to me.<\/em><\/p>\n","protected":false},"excerpt":{"rendered":"<p>Anschrift: Angela Grimm, 83435 Bad Reichenhall, Deutschland Verantwortlich: Angela Grimm Umsatzsteuer-IdentNr.:&nbsp;DE286983431 Telefon: (+49) 176 98801229 E-Mail: angela.grimm(at)alpenflocke.de Haftungshinweis: Trotz sorgf\u00e4ltiger inhaltlicher Kontrolle \u00fcbernehmen ich keine Haftung f\u00fcr die Inhalte externer Links. Da es nicht m\u00f6glich ist diese Webseiten kontinuierlich zu kontrollieren, bitten wir Sie um Hinweise falls es auf diesen &#8230;<\/p>\n<p> <a class=\"continue-reading-link\" href=\"https:\/\/alpenflocke.de\/?page_id=116\"><span>Continue reading<\/span><i class=\"crycon-right-dir\"><\/i><\/a> <\/p>\n","protected":false},"author":1,"featured_media":0,"parent":130,"menu_order":3,"comment_status":"closed","ping_status":"closed","template":"","meta":{"footnotes":""},"class_list":["post-116","page","type-page","status-publish","hentry"],"_links":{"self":[{"href":"https:\/\/alpenflocke.de\/index.php?rest_route=\/wp\/v2\/pages\/116","targetHints":{"allow":["GET"]}}],"collection":[{"href":"https:\/\/alpenflocke.de\/index.php?rest_route=\/wp\/v2\/pages"}],"about":[{"href":"https:\/\/alpenflocke.de\/index.php?rest_route=\/wp\/v2\/types\/page"}],"author":[{"embeddable":true,"href":"https:\/\/alpenflocke.de\/index.php?rest_route=\/wp\/v2\/users\/1"}],"replies":[{"embeddable":true,"href":"https:\/\/alpenflocke.de\/index.php?rest_route=%2Fwp%2Fv2%2Fcomments&post=116"}],"version-history":[{"count":1,"href":"https:\/\/alpenflocke.de\/index.php?rest_route=\/wp\/v2\/pages\/116\/revisions"}],"predecessor-version":[{"id":117,"href":"https:\/\/alpenflocke.de\/index.php?rest_route=\/wp\/v2\/pages\/116\/revisions\/117"}],"up":[{"embeddable":true,"href":"https:\/\/alpenflocke.de\/index.php?rest_route=\/wp\/v2\/pages\/130"}],"wp:attachment":[{"href":"https:\/\/alpenflocke.de\/index.php?rest_route=%2Fwp%2Fv2%2Fmedia&parent=116"}],"curies":[{"name":"wp","href":"https:\/\/api.w.org\/{rel}","templated":true}]}}