{"id":118,"date":"2024-06-15T21:55:39","date_gmt":"2024-06-15T21:55:39","guid":{"rendered":"https:\/\/alpenflocke.de\/?page_id=118"},"modified":"2026-02-04T08:38:14","modified_gmt":"2026-02-04T08:38:14","slug":"reisen-travel","status":"publish","type":"page","link":"https:\/\/alpenflocke.de\/?page_id=118","title":{"rendered":"Reisen \/ Travel"},"content":{"rendered":"\n<p>Meine vielf\u00e4ltige, weltweite Reiseerfahrung erlaubt es mir dir umfangreiche Hilfestellung zu geben, deine Reisew\u00fcnsche umzusetzen.<\/p>\n\n\n\n<p>Wir k\u00f6nnen zusammen eine Route ausarbeiten und ich gebe dir Tipps f\u00fcr die Ausf\u00fchrung der Reise, helfe dir bei der Buchung.<\/p>\n\n\n\n<p>Ich biete aber auch an, mit dir eine Reise auszuarbeiten und mit dir als dein Reiseleiter durchzuf\u00fchren.<\/p>\n\n\n\n<hr class=\"wp-block-separator has-alpha-channel-opacity\"\/>\n\n\n\n<p><em>My diverse and worldwide travel experience allows me to provide you assistance in realising your travel dreams.<\/em><\/p>\n\n\n\n<p><em>We can work out a route together and I give you tips how to carry out the journey, helping you also with the bookings.<\/em><\/p>\n\n\n\n<p><em>And I also offer to plan a journey with you and to travel with you as your guide.<\/em><\/p>\n\n\n\n<hr class=\"wp-block-separator has-alpha-channel-opacity\"\/>\n\n\n\n<figure class=\"wp-block-image size-full\"><img loading=\"lazy\" decoding=\"async\" width=\"608\" height=\"434\" src=\"https:\/\/alpenflocke.de\/wp-content\/uploads\/2024\/06\/Weltkarte-2017.png\" alt=\"\" class=\"wp-image-102\" srcset=\"https:\/\/alpenflocke.de\/wp-content\/uploads\/2024\/06\/Weltkarte-2017.png 608w, https:\/\/alpenflocke.de\/wp-content\/uploads\/2024\/06\/Weltkarte-2017-300x214.png 300w, https:\/\/alpenflocke.de\/wp-content\/uploads\/2024\/06\/Weltkarte-2017-150x107.png 150w\" sizes=\"auto, (max-width: 608px) 100vw, 608px\" \/><\/figure>\n\n\n\n<p>Laut Tripadvisor habe ich 47% der Welt bereist.<\/p>\n\n\n\n<p><em>According to Tripadvisor I have travelled 47% of the world.<\/em><\/p>\n\n\n\n<p><\/p>\n","protected":false},"excerpt":{"rendered":"<p>Meine vielf\u00e4ltige, weltweite Reiseerfahrung erlaubt es mir dir umfangreiche Hilfestellung zu geben, deine Reisew\u00fcnsche umzusetzen. Wir k\u00f6nnen zusammen eine Route ausarbeiten und ich gebe dir Tipps f\u00fcr die Ausf\u00fchrung der Reise, helfe dir bei der Buchung. Ich biete aber auch an, mit dir eine Reise auszuarbeiten und mit dir als &#8230;<\/p>\n<p> <a class=\"continue-reading-link\" href=\"https:\/\/alpenflocke.de\/?page_id=118\"><span>Continue reading<\/span><i class=\"crycon-right-dir\"><\/i><\/a> <\/p>\n","protected":false},"author":1,"featured_media":0,"parent":127,"menu_order":2,"comment_status":"closed","ping_status":"closed","template":"","meta":{"footnotes":""},"class_list":["post-118","page","type-page","status-publish","hentry"],"_links":{"self":[{"href":"https:\/\/alpenflocke.de\/index.php?rest_route=\/wp\/v2\/pages\/118","targetHints":{"allow":["GET"]}}],"collection":[{"href":"https:\/\/alpenflocke.de\/index.php?rest_route=\/wp\/v2\/pages"}],"about":[{"href":"https:\/\/alpenflocke.de\/index.php?rest_route=\/wp\/v2\/types\/page"}],"author":[{"embeddable":true,"href":"https:\/\/alpenflocke.de\/index.php?rest_route=\/wp\/v2\/users\/1"}],"replies":[{"embeddable":true,"href":"https:\/\/alpenflocke.de\/index.php?rest_route=%2Fwp%2Fv2%2Fcomments&post=118"}],"version-history":[{"count":2,"href":"https:\/\/alpenflocke.de\/index.php?rest_route=\/wp\/v2\/pages\/118\/revisions"}],"predecessor-version":[{"id":227,"href":"https:\/\/alpenflocke.de\/index.php?rest_route=\/wp\/v2\/pages\/118\/revisions\/227"}],"up":[{"embeddable":true,"href":"https:\/\/alpenflocke.de\/index.php?rest_route=\/wp\/v2\/pages\/127"}],"wp:attachment":[{"href":"https:\/\/alpenflocke.de\/index.php?rest_route=%2Fwp%2Fv2%2Fmedia&parent=118"}],"curies":[{"name":"wp","href":"https:\/\/api.w.org\/{rel}","templated":true}]}}